{"id":1313,"date":"2025-05-22T13:48:23","date_gmt":"2025-05-22T13:48:23","guid":{"rendered":"https:\/\/acabeophotography.com\/?page_id=1313"},"modified":"2025-05-27T18:00:19","modified_gmt":"2025-05-27T18:00:19","slug":"reserva","status":"publish","type":"page","link":"https:\/\/acabeophotography.com\/?page_id=1313","title":{"rendered":"Reserva"},"content":{"rendered":"\t\t<div data-elementor-type=\"wp-page\" data-elementor-id=\"1313\" class=\"elementor elementor-1313\" data-elementor-post-type=\"page\">\n\t\t\t\t\t\t<section class=\"elementor-section elementor-top-section elementor-element elementor-element-6315ff4 elementor-section-full_width elementor-section-height-default elementor-section-height-default\" data-id=\"6315ff4\" data-element_type=\"section\">\n\t\t\t\t\t\t<div class=\"elementor-container elementor-column-gap-default\">\n\t\t\t\t\t<div class=\"elementor-column elementor-col-50 elementor-top-column elementor-element elementor-element-0f30fdc\" data-id=\"0f30fdc\" data-element_type=\"column\">\n\t\t\t<div class=\"elementor-widget-wrap elementor-element-populated\">\n\t\t\t\t\t\t<div class=\"elementor-element elementor-element-4ca6fec elementor-widget elementor-widget-heading\" data-id=\"4ca6fec\" data-element_type=\"widget\" data-widget_type=\"heading.default\">\n\t\t\t\t<div class=\"elementor-widget-container\">\n\t\t\t\t\t<h2 class=\"elementor-heading-title elementor-size-default\">\u00a1Reserva tu sesi\u00f3n de fotos!<\/h2>\t\t\t\t<\/div>\n\t\t\t\t<\/div>\n\t\t\t\t<div class=\"elementor-element elementor-element-6ef14c6 elementor-widget elementor-widget-spacer\" data-id=\"6ef14c6\" data-element_type=\"widget\" data-widget_type=\"spacer.default\">\n\t\t\t\t<div class=\"elementor-widget-container\">\n\t\t\t\t\t\t\t<div class=\"elementor-spacer\">\n\t\t\t<div class=\"elementor-spacer-inner\"><\/div>\n\t\t<\/div>\n\t\t\t\t\t\t<\/div>\n\t\t\t\t<\/div>\n\t\t\t\t<div class=\"elementor-element elementor-element-3ea8ad5 elementor-widget elementor-widget-image\" data-id=\"3ea8ad5\" data-element_type=\"widget\" data-widget_type=\"image.default\">\n\t\t\t\t<div class=\"elementor-widget-container\">\n\t\t\t\t\t\t\t\t\t\t\t\t\t\t\t<img fetchpriority=\"high\" decoding=\"async\" width=\"800\" height=\"296\" src=\"https:\/\/acabeophotography.com\/wp-content\/uploads\/2025\/05\/Facebook-Cover.jpeg\" class=\"attachment-large size-large wp-image-1417\" alt=\"\" srcset=\"https:\/\/acabeophotography.com\/wp-content\/uploads\/2025\/05\/Facebook-Cover.jpeg 851w, https:\/\/acabeophotography.com\/wp-content\/uploads\/2025\/05\/Facebook-Cover-300x111.jpeg 300w, https:\/\/acabeophotography.com\/wp-content\/uploads\/2025\/05\/Facebook-Cover-768x284.jpeg 768w\" sizes=\"(max-width: 800px) 100vw, 800px\" \/>\t\t\t\t\t\t\t\t\t\t\t\t\t\t\t<\/div>\n\t\t\t\t<\/div>\n\t\t\t\t<div class=\"elementor-element elementor-element-dca2942 elementor-widget elementor-widget-text-editor\" data-id=\"dca2942\" data-element_type=\"widget\" data-widget_type=\"text-editor.default\">\n\t\t\t\t<div class=\"elementor-widget-container\">\n\t\t\t\t\t\t\t\t\t<p data-start=\"242\" data-end=\"368\">Cada familia tiene una historia \u00fanica, y me encantar\u00eda ayudarte a contar la tuya a trav\u00e9s de im\u00e1genes aut\u00e9nticas y memorables.<\/p><p data-start=\"370\" data-end=\"600\">Selecciona la fecha y hora que mejor se acomode a tu rutina familiar. Una vez confirmes tu cita, recibir\u00e1s un correo con todos los detalles y una gu\u00eda de preparaci\u00f3n para que lleguen tranquilos y listos a disfrutar su experiencia.<\/p><p data-start=\"602\" data-end=\"726\">\ud83d\udca1 Si no encuentras disponibilidad en la fecha que necesitas, no dudes en escribirme directamente. Estoy aqu\u00ed para ayudarte.<\/p>\t\t\t\t\t\t\t\t<\/div>\n\t\t\t\t<\/div>\n\t\t\t\t\t<\/div>\n\t\t<\/div>\n\t\t\t\t<div class=\"elementor-column elementor-col-50 elementor-top-column elementor-element elementor-element-1b72506\" data-id=\"1b72506\" data-element_type=\"column\">\n\t\t\t<div class=\"elementor-widget-wrap elementor-element-populated\">\n\t\t\t\t\t\t<div class=\"elementor-element elementor-element-9ea3598 elementor-widget elementor-widget-html\" data-id=\"9ea3598\" data-element_type=\"widget\" data-widget_type=\"html.default\">\n\t\t\t\t<div class=\"elementor-widget-container\">\n\t\t\t\t\t<!-- Principio del widget integrado de Calendly -->\n<div class=\"calendly-inline-widget\" data-url=\"https:\/\/calendly.com\/acabeophotography\/calendario-de-prueba?text_color=2f2f2f&primary_color=c9a98f\" style=\"min-width:320px;height:700px;\"><\/div>\n<script type=\"text\/javascript\" src=\"https:\/\/assets.calendly.com\/assets\/external\/widget.js\" async><\/script>\n<!-- Final del widget integrado de Calendly -->\t\t\t\t<\/div>\n\t\t\t\t<\/div>\n\t\t\t\t\t<\/div>\n\t\t<\/div>\n\t\t\t\t\t<\/div>\n\t\t<\/section>\n\t\t\t\t<\/div>\n\t\t","protected":false},"excerpt":{"rendered":"<p>\u00a1Reserva tu sesi\u00f3n de fotos! Cada familia tiene una historia \u00fanica, y me encantar\u00eda ayudarte a contar la tuya a trav\u00e9s de im\u00e1genes aut\u00e9nticas y memorables. Selecciona la fecha y hora que mejor se acomode a tu rutina familiar. Una vez confirmes tu cita, recibir\u00e1s un correo con todos los detalles y una gu\u00eda de [&hellip;]<\/p>\n","protected":false},"author":1,"featured_media":0,"parent":0,"menu_order":0,"comment_status":"closed","ping_status":"closed","template":"","meta":{"footnotes":""},"class_list":["post-1313","page","type-page","status-publish","hentry"],"_links":{"self":[{"href":"https:\/\/acabeophotography.com\/index.php?rest_route=\/wp\/v2\/pages\/1313","targetHints":{"allow":["GET"]}}],"collection":[{"href":"https:\/\/acabeophotography.com\/index.php?rest_route=\/wp\/v2\/pages"}],"about":[{"href":"https:\/\/acabeophotography.com\/index.php?rest_route=\/wp\/v2\/types\/page"}],"author":[{"embeddable":true,"href":"https:\/\/acabeophotography.com\/index.php?rest_route=\/wp\/v2\/users\/1"}],"replies":[{"embeddable":true,"href":"https:\/\/acabeophotography.com\/index.php?rest_route=%2Fwp%2Fv2%2Fcomments&post=1313"}],"version-history":[{"count":7,"href":"https:\/\/acabeophotography.com\/index.php?rest_route=\/wp\/v2\/pages\/1313\/revisions"}],"predecessor-version":[{"id":1433,"href":"https:\/\/acabeophotography.com\/index.php?rest_route=\/wp\/v2\/pages\/1313\/revisions\/1433"}],"wp:attachment":[{"href":"https:\/\/acabeophotography.com\/index.php?rest_route=%2Fwp%2Fv2%2Fmedia&parent=1313"}],"curies":[{"name":"wp","href":"https:\/\/api.w.org\/{rel}","templated":true}]}}